{"id":2090,"date":"2022-05-05T09:46:54","date_gmt":"2022-05-05T07:46:54","guid":{"rendered":"https:\/\/ookii.eu\/accueil\/"},"modified":"2022-11-29T05:37:20","modified_gmt":"2022-11-29T04:37:20","slug":"ookii","status":"publish","type":"page","link":"https:\/\/ookii.eu\/fr\/","title":{"rendered":"Home"},"content":{"rendered":"","protected":false},"excerpt":{"rendered":"","protected":false},"author":1,"featured_media":0,"parent":0,"menu_order":0,"comment_status":"closed","ping_status":"closed","template":"homepage.php","meta":{"_acf_changed":false,"footnotes":""},"class_list":["post-2090","page","type-page","status-publish","hentry"],"acf":[],"yoast_head":"<!-- This site is optimized with the Yoast SEO plugin v27.3 - https:\/\/yoast.com\/product\/yoast-seo-wordpress\/ -->\n<title>OOKII, le secret des Japonais, un mugicha 100 % authentique ! | OOKII<\/title>\n<meta name=\"description\" content=\"OOKII est une infusion d\u2019orge au go\u00fbt unique, avec des notes torr\u00e9fi\u00e9es et une l\u00e9g\u00e8re amertume, qui d\u00e9borde de bienfaits. Le secret des Japonais, dont vous pouvez d\u00e9sormais profiter aussi !\" \/>\n<meta name=\"robots\" content=\"index, follow, max-snippet:-1, max-image-preview:large, max-video-preview:-1\" \/>\n<link rel=\"canonical\" href=\"https:\/\/ookii.eu\/fr\/\" \/>\n<meta property=\"og:locale\" content=\"fr_FR\" \/>\n<meta property=\"og:type\" content=\"article\" \/>\n<meta property=\"og:title\" content=\"OOKII, le secret des Japonais, un mugicha 100 % authentique ! | OOKII\" \/>\n<meta property=\"og:description\" content=\"OOKII est une infusion d\u2019orge au go\u00fbt unique, avec des notes torr\u00e9fi\u00e9es et une l\u00e9g\u00e8re amertume, qui d\u00e9borde de bienfaits. Le secret des Japonais, dont vous pouvez d\u00e9sormais profiter aussi !\" \/>\n<meta property=\"og:url\" content=\"https:\/\/ookii.eu\/fr\/\" \/>\n<meta property=\"og:site_name\" content=\"OOKII\" \/>\n<meta property=\"article:publisher\" content=\"https:\/\/www.facebook.com\/ookiimugicha\" \/>\n<meta property=\"article:modified_time\" content=\"2022-11-29T04:37:20+00:00\" \/>\n<meta name=\"twitter:card\" content=\"summary_large_image\" \/>\n<script type=\"application\/ld+json\" class=\"yoast-schema-graph\">{\"@context\":\"https:\\\/\\\/schema.org\",\"@graph\":[{\"@type\":\"WebPage\",\"@id\":\"https:\\\/\\\/ookii.eu\\\/fr\\\/\",\"url\":\"https:\\\/\\\/ookii.eu\\\/fr\\\/\",\"name\":\"OOKII, le secret des Japonais, un mugicha 100 % authentique ! | OOKII\",\"isPartOf\":{\"@id\":\"https:\\\/\\\/ookii.eu\\\/fr\\\/#website\"},\"datePublished\":\"2022-05-05T07:46:54+00:00\",\"dateModified\":\"2022-11-29T04:37:20+00:00\",\"description\":\"OOKII est une infusion d\u2019orge au go\u00fbt unique, avec des notes torr\u00e9fi\u00e9es et une l\u00e9g\u00e8re amertume, qui d\u00e9borde de bienfaits. Le secret des Japonais, dont vous pouvez d\u00e9sormais profiter aussi !\",\"breadcrumb\":{\"@id\":\"https:\\\/\\\/ookii.eu\\\/fr\\\/#breadcrumb\"},\"inLanguage\":\"fr-FR\",\"potentialAction\":[{\"@type\":\"ReadAction\",\"target\":[\"https:\\\/\\\/ookii.eu\\\/fr\\\/\"]}]},{\"@type\":\"BreadcrumbList\",\"@id\":\"https:\\\/\\\/ookii.eu\\\/fr\\\/#breadcrumb\",\"itemListElement\":[{\"@type\":\"ListItem\",\"position\":1,\"name\":\"Home\",\"item\":\"https:\\\/\\\/ookii.eu\\\/fr\\\/\"},{\"@type\":\"ListItem\",\"position\":2,\"name\":\"Home\"}]},{\"@type\":\"WebSite\",\"@id\":\"https:\\\/\\\/ookii.eu\\\/fr\\\/#website\",\"url\":\"https:\\\/\\\/ookii.eu\\\/fr\\\/\",\"name\":\"OOKII\",\"description\":\"The Japanese Secret\",\"potentialAction\":[{\"@type\":\"SearchAction\",\"target\":{\"@type\":\"EntryPoint\",\"urlTemplate\":\"https:\\\/\\\/ookii.eu\\\/fr\\\/?s={search_term_string}\"},\"query-input\":{\"@type\":\"PropertyValueSpecification\",\"valueRequired\":true,\"valueName\":\"search_term_string\"}}],\"inLanguage\":\"fr-FR\"}]}<\/script>\n<!-- \/ Yoast SEO plugin. -->","yoast_head_json":{"title":"OOKII, le secret des Japonais, un mugicha 100 % authentique ! | OOKII","description":"OOKII est une infusion d\u2019orge au go\u00fbt unique, avec des notes torr\u00e9fi\u00e9es et une l\u00e9g\u00e8re amertume, qui d\u00e9borde de bienfaits. Le secret des Japonais, dont vous pouvez d\u00e9sormais profiter aussi !","robots":{"index":"index","follow":"follow","max-snippet":"max-snippet:-1","max-image-preview":"max-image-preview:large","max-video-preview":"max-video-preview:-1"},"canonical":"https:\/\/ookii.eu\/fr\/","og_locale":"fr_FR","og_type":"article","og_title":"OOKII, le secret des Japonais, un mugicha 100 % authentique ! | OOKII","og_description":"OOKII est une infusion d\u2019orge au go\u00fbt unique, avec des notes torr\u00e9fi\u00e9es et une l\u00e9g\u00e8re amertume, qui d\u00e9borde de bienfaits. Le secret des Japonais, dont vous pouvez d\u00e9sormais profiter aussi !","og_url":"https:\/\/ookii.eu\/fr\/","og_site_name":"OOKII","article_publisher":"https:\/\/www.facebook.com\/ookiimugicha","article_modified_time":"2022-11-29T04:37:20+00:00","twitter_card":"summary_large_image","schema":{"@context":"https:\/\/schema.org","@graph":[{"@type":"WebPage","@id":"https:\/\/ookii.eu\/fr\/","url":"https:\/\/ookii.eu\/fr\/","name":"OOKII, le secret des Japonais, un mugicha 100 % authentique ! | OOKII","isPartOf":{"@id":"https:\/\/ookii.eu\/fr\/#website"},"datePublished":"2022-05-05T07:46:54+00:00","dateModified":"2022-11-29T04:37:20+00:00","description":"OOKII est une infusion d\u2019orge au go\u00fbt unique, avec des notes torr\u00e9fi\u00e9es et une l\u00e9g\u00e8re amertume, qui d\u00e9borde de bienfaits. Le secret des Japonais, dont vous pouvez d\u00e9sormais profiter aussi !","breadcrumb":{"@id":"https:\/\/ookii.eu\/fr\/#breadcrumb"},"inLanguage":"fr-FR","potentialAction":[{"@type":"ReadAction","target":["https:\/\/ookii.eu\/fr\/"]}]},{"@type":"BreadcrumbList","@id":"https:\/\/ookii.eu\/fr\/#breadcrumb","itemListElement":[{"@type":"ListItem","position":1,"name":"Home","item":"https:\/\/ookii.eu\/fr\/"},{"@type":"ListItem","position":2,"name":"Home"}]},{"@type":"WebSite","@id":"https:\/\/ookii.eu\/fr\/#website","url":"https:\/\/ookii.eu\/fr\/","name":"OOKII","description":"The Japanese Secret","potentialAction":[{"@type":"SearchAction","target":{"@type":"EntryPoint","urlTemplate":"https:\/\/ookii.eu\/fr\/?s={search_term_string}"},"query-input":{"@type":"PropertyValueSpecification","valueRequired":true,"valueName":"search_term_string"}}],"inLanguage":"fr-FR"}]}},"_links":{"self":[{"href":"https:\/\/ookii.eu\/fr\/wp-json\/wp\/v2\/pages\/2090","targetHints":{"allow":["GET"]}}],"collection":[{"href":"https:\/\/ookii.eu\/fr\/wp-json\/wp\/v2\/pages"}],"about":[{"href":"https:\/\/ookii.eu\/fr\/wp-json\/wp\/v2\/types\/page"}],"author":[{"embeddable":true,"href":"https:\/\/ookii.eu\/fr\/wp-json\/wp\/v2\/users\/1"}],"replies":[{"embeddable":true,"href":"https:\/\/ookii.eu\/fr\/wp-json\/wp\/v2\/comments?post=2090"}],"version-history":[{"count":5,"href":"https:\/\/ookii.eu\/fr\/wp-json\/wp\/v2\/pages\/2090\/revisions"}],"predecessor-version":[{"id":2846,"href":"https:\/\/ookii.eu\/fr\/wp-json\/wp\/v2\/pages\/2090\/revisions\/2846"}],"wp:attachment":[{"href":"https:\/\/ookii.eu\/fr\/wp-json\/wp\/v2\/media?parent=2090"}],"curies":[{"name":"wp","href":"https:\/\/api.w.org\/{rel}","templated":true}]}}