{"id":2096,"date":"2022-10-18T13:59:53","date_gmt":"2022-10-18T11:59:53","guid":{"rendered":"https:\/\/ookii.eu\/?page_id=2096"},"modified":"2023-08-01T07:44:58","modified_gmt":"2023-08-01T05:44:58","slug":"politique-de-confidentialite","status":"publish","type":"page","link":"https:\/\/ookii.eu\/fr\/politique-de-confidentialite\/","title":{"rendered":"Politique de confidentialit\u00e9"},"content":{"rendered":"&#13;\r\n<p><strong>Wie zijn wij<\/strong><\/p>&#13;\r\n&#13;\r\n<p><strong class=\"privacy-policy-tutorial\"> <\/strong>L&rsquo;adresse de notre site web est la suivante : https:\/\/ookii.eu.<\/p>&#13;\r\n<p>\u00a0<\/p>&#13;\r\n<p><\/p>&#13;\r\n<p><strong>Reacties<\/strong><\/p>&#13;\r\n<p><\/p>&#13;\r\n<p><strong class=\"privacy-policy-tutorial\"> <\/strong>Lorsque les visiteurs laissent des commentaires sur le site web, nous recueillons les donn\u00e9es indiqu\u00e9es dans le formulaire de commentaire, l&rsquo;adresse IP du visiteur et l&rsquo;agent utilisateur du navigateur afin de lutter contre le spam.<\/p>&#13;\r\n<p><\/p>&#13;\r\n<p>Une cha\u00eene de caract\u00e8res anonyme cr\u00e9\u00e9e \u00e0 partir de votre adresse \u00e9lectronique (\u00e9galement appel\u00e9e \u00ab\u00a0hash\u00a0\u00bb) peut \u00eatre envoy\u00e9e au service Gravatar si vous l&rsquo;utilisez. La page de la politique de confidentialit\u00e9 peut \u00eatre consult\u00e9e ici : https:\/\/automattic.com\/privacy\/. Une fois votre commentaire approuv\u00e9, votre photo de profil sera publiquement visible dans le contexte de votre commentaire.<\/p>&#13;\r\n<p>\u00a0<\/p>&#13;\r\n<p><\/p>&#13;\r\n<p><strong>Media<\/strong><\/p>&#13;\r\n<p><\/p>&#13;\r\n<p><strong class=\"privacy-policy-tutorial\"> <\/strong>Lorsque vous t\u00e9l\u00e9chargez des images sur le site web, vous devez \u00e9viter de t\u00e9l\u00e9charger des images contenant des donn\u00e9es de localisation GPS (donn\u00e9es EXIF). Les visiteurs du site web peuvent t\u00e9l\u00e9charger des images \u00e0 partir de votre site web et voir ces donn\u00e9es de localisation.<\/p>&#13;\r\n<p>\u00a0<\/p>&#13;\r\n<p><\/p>&#13;\r\n<p><strong>Cookies<\/strong><\/p>&#13;\r\n<p><\/p>&#13;\r\n<p><strong class=\"privacy-policy-tutorial\">Texte sugg\u00e9r\u00e9 : <\/strong>Lorsque vous laissez un commentaire sur notre site web, vous pouvez indiquer si nous pouvons enregistrer votre nom, votre adresse \u00e9lectronique et votre site web dans un cookie. Nous faisons cela pour votre confort afin que vous n&rsquo;ayez pas \u00e0 saisir \u00e0 nouveau ces informations pour un nouveau commentaire. Ces cookies sont valables pendant un an.<\/p>&#13;\r\n<p><\/p>&#13;\r\n<p>Si vous avez un compte et que vous vous connectez \u00e0 ce site web, nous stockons un cookie temporaire pour d\u00e9terminer si votre navigateur accepte les cookies. Ce cookie ne contient aucune donn\u00e9e personnelle et est supprim\u00e9 d\u00e8s que vous fermez votre navigateur.<\/p>&#13;\r\n<p><\/p>&#13;\r\n<p>Lorsque vous vous connectez, nous stockons certains cookies li\u00e9s \u00e0 vos informations de connexion et aux options d&rsquo;affichage de l&rsquo;\u00e9cran. Les cookies de connexion sont valables pendant 2 jours et les cookies des options d&rsquo;affichage de l&rsquo;\u00e9cran pendant 1 an. Si vous s\u00e9lectionnez \u00ab\u00a0Se souvenir de moi\u00a0\u00bb, votre connexion sera sauvegard\u00e9e pendant 2 semaines. Lorsque vous vous d\u00e9connectez de votre compte, les cookies de connexion sont supprim\u00e9s.<\/p>&#13;\r\n<p><\/p>&#13;\r\n<p>Lorsque vous modifiez ou publiez un article, un cookie suppl\u00e9mentaire est stock\u00e9 par votre navigateur. Ce cookie ne contient aucune donn\u00e9e personnelle et ne contient que l&rsquo;identifiant de l&rsquo;article que vous avez \u00e9dit\u00e9. Ce cookie expire apr\u00e8s un jour.<\/p>&#13;\r\n<p>\u00a0<\/p>&#13;\r\n<p><\/p>&#13;\r\n<p><strong>Ingesloten inhoud van andere websites<\/strong><\/p>&#13;\r\n<p><\/p>&#13;\r\n<p><strong class=\"privacy-policy-tutorial\">Texte sugg\u00e9r\u00e9 : <\/strong>Les articles publi\u00e9s sur ce site web peuvent contenir du contenu int\u00e9gr\u00e9 (embedded). Par exemple, des vid\u00e9os, des images, des messages, etc. Le contenu int\u00e9gr\u00e9 d&rsquo;autres sites web se comporte exactement comme si le visiteur avait visit\u00e9 cet autre site web.<\/p>&#13;\r\n<p><\/p>&#13;\r\n<p>Ces sites web peuvent collecter des donn\u00e9es vous concernant, utiliser des cookies, int\u00e9grer un suivi tiers et surveiller votre interaction avec ce contenu int\u00e9gr\u00e9, y compris l&rsquo;interaction avec le contenu int\u00e9gr\u00e9 si vous avez un compte et \u00eates connect\u00e9 \u00e0 ce site web.<\/p>&#13;\r\n<p>\u00a0<\/p>&#13;\r\n<p><\/p>&#13;\r\n<p><strong>Met wie we je gegevens delen<\/strong><\/p>&#13;\r\n<p><\/p>&#13;\r\n<p><strong class=\"privacy-policy-tutorial\">Texte sugg\u00e9r\u00e9 : <\/strong>Si vous demandez une r\u00e9initialisation du mot de passe, votre adresse IP sera incluse dans l&rsquo;e-mail de r\u00e9initialisation.<\/p>&#13;\r\n<p>\u00a0<\/p>&#13;\r\n<p><\/p>&#13;\r\n<p><strong>Hoelang we je gegevens bewaren<\/strong><\/p>&#13;\r\n<p><\/p>&#13;\r\n<p><strong class=\"privacy-policy-tutorial\">Texte sugg\u00e9r\u00e9 : <\/strong>Lorsque vous laissez un commentaire, ce commentaire et ses m\u00e9tadonn\u00e9es sont enregistr\u00e9s pour toujours. De cette fa\u00e7on, nous pouvons reconna\u00eetre et approuver automatiquement les commentaires de suivi au lieu de devoir les mod\u00e9rer.<\/p>&#13;\r\n<p><\/p>&#13;\r\n<p>Pour les utilisateurs qui s&rsquo;inscrivent sur notre site web (le cas \u00e9ch\u00e9ant), nous stockons \u00e9galement des informations personnelles dans leur profil d&rsquo;utilisateur. Tous les utilisateurs peuvent consulter, modifier ou supprimer leurs informations personnelles \u00e0 tout moment (seul le nom d&rsquo;utilisateur ne peut \u00eatre modifi\u00e9). Les administrateurs du site web peuvent \u00e9galement consulter et modifier ces informations.<\/p>&#13;\r\n<p>\u00a0<\/p>&#13;\r\n<p><\/p>&#13;\r\n<p><strong>Welke rechten heb je van je eigen gegevens<\/strong><\/p>&#13;\r\n<p><\/p>&#13;\r\n<p><strong class=\"privacy-policy-tutorial\">Texte sugg\u00e9r\u00e9 : <\/strong>Si vous avez un compte sur ce site web ou si vous avez publi\u00e9 des commentaires, vous pouvez demander un fichier d&rsquo;exportation des donn\u00e9es personnelles que nous d\u00e9tenons \u00e0 votre sujet, y compris les donn\u00e9es que vous nous avez fournies. Vous pouvez \u00e9galement nous demander de supprimer les donn\u00e9es personnelles que nous d\u00e9tenons \u00e0 votre sujet. Cela ne comprend pas les donn\u00e9es que nous sommes tenus de conserver \u00e0 des fins administratives, juridiques ou de s\u00e9curit\u00e9.<\/p>&#13;\r\n<p>\u00a0<\/p>&#13;\r\n<p><\/p>&#13;\r\n<p><strong>Naar waar je gegevens verzonden worden<\/strong><\/p>&#13;\r\n<p><\/p>&#13;\r\n<p><strong class=\"privacy-policy-tutorial\">Texte sugg\u00e9r\u00e9 : <\/strong>Les commentaires des visiteurs peuvent \u00eatre contr\u00f4l\u00e9s par un service de d\u00e9tection automatique des spams.<\/p>&#13;\r\n<p><\/p><\/p>\r\n","protected":false},"excerpt":{"rendered":"<p>&#13; Wie zijn wij &#13; &#13; L&rsquo;adresse de notre site web est la suivante : https:\/\/ookii.eu. &#13; \u00a0 &#13; &#13; Reacties &#13; &#13; Lorsque les visiteurs laissent des commentaires sur le site web, nous recueillons les donn\u00e9es indiqu\u00e9es dans le formulaire de commentaire, l&rsquo;adresse IP du visiteur et l&rsquo;agent utilisateur du navigateur afin de lutter [&hellip;]<\/p>\n","protected":false},"author":1,"featured_media":0,"parent":0,"menu_order":0,"comment_status":"closed","ping_status":"closed","template":"","meta":{"_acf_changed":false,"footnotes":""},"class_list":["post-2096","page","type-page","status-publish","hentry"],"acf":[],"yoast_head":"<!-- This site is optimized with the Yoast SEO plugin v27.5 - https:\/\/yoast.com\/product\/yoast-seo-wordpress\/ -->\n<title>Politique de confidentialit\u00e9 - OOKII<\/title>\n<meta name=\"robots\" content=\"index, follow, max-snippet:-1, max-image-preview:large, max-video-preview:-1\" \/>\n<link rel=\"canonical\" href=\"https:\/\/ookii.eu\/fr\/politique-de-confidentialite\/\" \/>\n<meta property=\"og:locale\" content=\"fr_FR\" \/>\n<meta property=\"og:type\" content=\"article\" \/>\n<meta property=\"og:title\" content=\"Politique de confidentialit\u00e9 - OOKII\" \/>\n<meta property=\"og:description\" content=\"&#013; Wie zijn wij &#013; &#013; L&rsquo;adresse de notre site web est la suivante : https:\/\/ookii.eu. &#013; \u00a0 &#013; &#013; Reacties &#013; &#013; Lorsque les visiteurs laissent des commentaires sur le site web, nous recueillons les donn\u00e9es indiqu\u00e9es dans le formulaire de commentaire, l&rsquo;adresse IP du visiteur et l&rsquo;agent utilisateur du navigateur afin de lutter [&hellip;]\" \/>\n<meta property=\"og:url\" content=\"https:\/\/ookii.eu\/fr\/politique-de-confidentialite\/\" \/>\n<meta property=\"og:site_name\" content=\"OOKII\" \/>\n<meta property=\"article:publisher\" content=\"https:\/\/www.facebook.com\/ookiimugicha\" \/>\n<meta property=\"article:modified_time\" content=\"2023-08-01T05:44:58+00:00\" \/>\n<meta name=\"twitter:card\" content=\"summary_large_image\" \/>\n<meta name=\"twitter:label1\" content=\"Dur\u00e9e de lecture estim\u00e9e\" \/>\n\t<meta name=\"twitter:data1\" content=\"4 minutes\" \/>\n<script type=\"application\/ld+json\" class=\"yoast-schema-graph\">{\"@context\":\"https:\\\/\\\/schema.org\",\"@graph\":[{\"@type\":\"WebPage\",\"@id\":\"https:\\\/\\\/ookii.eu\\\/fr\\\/politique-de-confidentialite\\\/\",\"url\":\"https:\\\/\\\/ookii.eu\\\/fr\\\/politique-de-confidentialite\\\/\",\"name\":\"Politique de confidentialit\u00e9 - OOKII\",\"isPartOf\":{\"@id\":\"https:\\\/\\\/ookii.eu\\\/fr\\\/#website\"},\"datePublished\":\"2022-10-18T11:59:53+00:00\",\"dateModified\":\"2023-08-01T05:44:58+00:00\",\"breadcrumb\":{\"@id\":\"https:\\\/\\\/ookii.eu\\\/fr\\\/politique-de-confidentialite\\\/#breadcrumb\"},\"inLanguage\":\"fr-FR\",\"potentialAction\":[{\"@type\":\"ReadAction\",\"target\":[\"https:\\\/\\\/ookii.eu\\\/fr\\\/politique-de-confidentialite\\\/\"]}]},{\"@type\":\"BreadcrumbList\",\"@id\":\"https:\\\/\\\/ookii.eu\\\/fr\\\/politique-de-confidentialite\\\/#breadcrumb\",\"itemListElement\":[{\"@type\":\"ListItem\",\"position\":1,\"name\":\"Home\",\"item\":\"https:\\\/\\\/ookii.eu\\\/fr\\\/\"},{\"@type\":\"ListItem\",\"position\":2,\"name\":\"Politique de confidentialit\u00e9\"}]},{\"@type\":\"WebSite\",\"@id\":\"https:\\\/\\\/ookii.eu\\\/fr\\\/#website\",\"url\":\"https:\\\/\\\/ookii.eu\\\/fr\\\/\",\"name\":\"OOKII\",\"description\":\"The Japanese Secret\",\"potentialAction\":[{\"@type\":\"SearchAction\",\"target\":{\"@type\":\"EntryPoint\",\"urlTemplate\":\"https:\\\/\\\/ookii.eu\\\/fr\\\/?s={search_term_string}\"},\"query-input\":{\"@type\":\"PropertyValueSpecification\",\"valueRequired\":true,\"valueName\":\"search_term_string\"}}],\"inLanguage\":\"fr-FR\"}]}<\/script>\n<!-- \/ Yoast SEO plugin. -->","yoast_head_json":{"title":"Politique de confidentialit\u00e9 - OOKII","robots":{"index":"index","follow":"follow","max-snippet":"max-snippet:-1","max-image-preview":"max-image-preview:large","max-video-preview":"max-video-preview:-1"},"canonical":"https:\/\/ookii.eu\/fr\/politique-de-confidentialite\/","og_locale":"fr_FR","og_type":"article","og_title":"Politique de confidentialit\u00e9 - OOKII","og_description":"&#13; Wie zijn wij &#13; &#13; L&rsquo;adresse de notre site web est la suivante : https:\/\/ookii.eu. &#13; \u00a0 &#13; &#13; Reacties &#13; &#13; Lorsque les visiteurs laissent des commentaires sur le site web, nous recueillons les donn\u00e9es indiqu\u00e9es dans le formulaire de commentaire, l&rsquo;adresse IP du visiteur et l&rsquo;agent utilisateur du navigateur afin de lutter [&hellip;]","og_url":"https:\/\/ookii.eu\/fr\/politique-de-confidentialite\/","og_site_name":"OOKII","article_publisher":"https:\/\/www.facebook.com\/ookiimugicha","article_modified_time":"2023-08-01T05:44:58+00:00","twitter_card":"summary_large_image","twitter_misc":{"Dur\u00e9e de lecture estim\u00e9e":"4 minutes"},"schema":{"@context":"https:\/\/schema.org","@graph":[{"@type":"WebPage","@id":"https:\/\/ookii.eu\/fr\/politique-de-confidentialite\/","url":"https:\/\/ookii.eu\/fr\/politique-de-confidentialite\/","name":"Politique de confidentialit\u00e9 - OOKII","isPartOf":{"@id":"https:\/\/ookii.eu\/fr\/#website"},"datePublished":"2022-10-18T11:59:53+00:00","dateModified":"2023-08-01T05:44:58+00:00","breadcrumb":{"@id":"https:\/\/ookii.eu\/fr\/politique-de-confidentialite\/#breadcrumb"},"inLanguage":"fr-FR","potentialAction":[{"@type":"ReadAction","target":["https:\/\/ookii.eu\/fr\/politique-de-confidentialite\/"]}]},{"@type":"BreadcrumbList","@id":"https:\/\/ookii.eu\/fr\/politique-de-confidentialite\/#breadcrumb","itemListElement":[{"@type":"ListItem","position":1,"name":"Home","item":"https:\/\/ookii.eu\/fr\/"},{"@type":"ListItem","position":2,"name":"Politique de confidentialit\u00e9"}]},{"@type":"WebSite","@id":"https:\/\/ookii.eu\/fr\/#website","url":"https:\/\/ookii.eu\/fr\/","name":"OOKII","description":"The Japanese Secret","potentialAction":[{"@type":"SearchAction","target":{"@type":"EntryPoint","urlTemplate":"https:\/\/ookii.eu\/fr\/?s={search_term_string}"},"query-input":{"@type":"PropertyValueSpecification","valueRequired":true,"valueName":"search_term_string"}}],"inLanguage":"fr-FR"}]}},"_links":{"self":[{"href":"https:\/\/ookii.eu\/fr\/wp-json\/wp\/v2\/pages\/2096","targetHints":{"allow":["GET"]}}],"collection":[{"href":"https:\/\/ookii.eu\/fr\/wp-json\/wp\/v2\/pages"}],"about":[{"href":"https:\/\/ookii.eu\/fr\/wp-json\/wp\/v2\/types\/page"}],"author":[{"embeddable":true,"href":"https:\/\/ookii.eu\/fr\/wp-json\/wp\/v2\/users\/1"}],"replies":[{"embeddable":true,"href":"https:\/\/ookii.eu\/fr\/wp-json\/wp\/v2\/comments?post=2096"}],"version-history":[{"count":7,"href":"https:\/\/ookii.eu\/fr\/wp-json\/wp\/v2\/pages\/2096\/revisions"}],"predecessor-version":[{"id":4147,"href":"https:\/\/ookii.eu\/fr\/wp-json\/wp\/v2\/pages\/2096\/revisions\/4147"}],"wp:attachment":[{"href":"https:\/\/ookii.eu\/fr\/wp-json\/wp\/v2\/media?parent=2096"}],"curies":[{"name":"wp","href":"https:\/\/api.w.org\/{rel}","templated":true}]}}