{"id":2767,"date":"2022-09-21T13:20:25","date_gmt":"2022-09-21T11:20:25","guid":{"rendered":"https:\/\/ookii.eu\/product\/ookii-mugicha-kraft-14-l\/"},"modified":"2023-01-16T22:13:25","modified_gmt":"2023-01-16T21:13:25","slug":"paquet-kraft-de-mugicha-ookii-16-litres","status":"publish","type":"product","link":"https:\/\/ookii.eu\/fr\/product\/paquet-kraft-de-mugicha-ookii-16-litres\/","title":{"rendered":"Paquet kraft de mugicha OOKII (16 litres)"},"content":{"rendered":"<p>Pr\u00e9parez votre propre mugicha 100 % biologique. Orge toujours torr\u00e9fi\u00e9 et r\u00e9colt\u00e9 de mani\u00e8re 100 % biologique et traditionnelle, par M. OKUMURA. Sachets de th\u00e9 de 10 g (1,5 &#8211; 2 L\/sachet) pour infuser 16 litres de mugicha. Ajoutez un sachet OOKII \u00e0 la quantit\u00e9 d\u2019eau chaude n\u00e9cessaire et laissez infuser jusqu&rsquo;\u00e0 l\u2019intensit\u00e9 souhait\u00e9e. D\u00e9gustez. Le mugicha poss\u00e8de une saveur d\u00e9licieusement torr\u00e9fi\u00e9e qui s\u2019accompagne d&rsquo;une l\u00e9g\u00e8re amertume. Une fois que vous l\u2019avez go\u00fbt\u00e9, vous vous demandez comment vous avez pu vous en passer.<\/p>\n","protected":false},"excerpt":{"rendered":"<p>Riche en anti-oxydants, avec la saveur unique de l\u2019orge torr\u00e9fi\u00e9. Depuis des si\u00e8cles, les Japonais croient aux propri\u00e9t\u00e9s incroyablement hydratantes du mugicha. D\u00e9couvrez cette boisson r\u00e9confortante qui d\u00e9borde de bienfaits !<\/p>\n<p>\u2013 Sachets de th\u00e9 pour infuser 16 litres de mugicha.<\/p>\n","protected":false},"featured_media":1204,"comment_status":"open","ping_status":"closed","template":"","meta":{"_acf_changed":false},"product_brand":[],"product_cat":[237],"product_tag":[314,319,315,318],"class_list":{"0":"post-2767","1":"product","2":"type-product","3":"status-publish","4":"has-post-thumbnail","6":"product_cat-furoshiki","7":"product_tag-barley-tea-fr","8":"product_tag-japanesetea-fr","9":"product_tag-mugicha-fr","10":"product_tag-ookiitea-fr","11":"product_shipping_class-0-2kg-fr","13":"first","14":"instock","15":"taxable","16":"shipping-taxable","17":"purchasable","18":"product-type-simple"},"acf":[],"yoast_head":"<!-- This site is optimized with the Yoast SEO plugin v27.5 - https:\/\/yoast.com\/product\/yoast-seo-wordpress\/ -->\n<title>Paquet kraft de mugicha OOKII (16 litres) | OOKII<\/title>\n<meta name=\"description\" content=\"Pr\u00e9parez votre propre mugicha 100 % biologique. Ce paquet kraft de mugicha OOKII contient des sachets de th\u00e9 de 10 g (1,5 - 2 L\/sachet de th\u00e9) pour infuser 16 litres de mugicha.\" \/>\n<meta name=\"robots\" content=\"index, follow, max-snippet:-1, max-image-preview:large, max-video-preview:-1\" \/>\n<link rel=\"canonical\" href=\"https:\/\/ookii.eu\/fr\/product\/paquet-kraft-de-mugicha-ookii-16-litres\/\" \/>\n<meta property=\"og:locale\" content=\"fr_FR\" \/>\n<meta property=\"og:type\" content=\"article\" \/>\n<meta property=\"og:title\" content=\"Paquet kraft de mugicha OOKII (16 litres) | OOKII\" \/>\n<meta property=\"og:description\" content=\"Pr\u00e9parez votre propre mugicha 100 % biologique. Ce paquet kraft de mugicha OOKII contient des sachets de th\u00e9 de 10 g (1,5 - 2 L\/sachet de th\u00e9) pour infuser 16 litres de mugicha.\" \/>\n<meta property=\"og:url\" content=\"https:\/\/ookii.eu\/fr\/product\/paquet-kraft-de-mugicha-ookii-16-litres\/\" \/>\n<meta property=\"og:site_name\" content=\"OOKII\" \/>\n<meta property=\"article:publisher\" content=\"https:\/\/www.facebook.com\/ookiimugicha\" \/>\n<meta property=\"article:modified_time\" content=\"2023-01-16T21:13:25+00:00\" \/>\n<meta property=\"og:image\" content=\"https:\/\/ookii.eu\/wp-content\/uploads\/2022\/09\/16-liter-1024x1024.png\" \/>\n\t<meta property=\"og:image:width\" content=\"1024\" \/>\n\t<meta property=\"og:image:height\" content=\"1024\" \/>\n\t<meta property=\"og:image:type\" content=\"image\/png\" \/>\n<meta name=\"twitter:card\" content=\"summary_large_image\" \/>\n<meta name=\"twitter:label1\" content=\"Dur\u00e9e de lecture estim\u00e9e\" \/>\n\t<meta name=\"twitter:data1\" content=\"1 minute\" \/>\n<script type=\"application\/ld+json\" class=\"yoast-schema-graph\">{\"@context\":\"https:\\\/\\\/schema.org\",\"@graph\":[{\"@type\":[\"WebPage\",\"ItemPage\"],\"@id\":\"https:\\\/\\\/ookii.eu\\\/fr\\\/product\\\/paquet-kraft-de-mugicha-ookii-16-litres\\\/\",\"url\":\"https:\\\/\\\/ookii.eu\\\/fr\\\/product\\\/paquet-kraft-de-mugicha-ookii-16-litres\\\/\",\"name\":\"Paquet kraft de mugicha OOKII (16 litres) | OOKII\",\"isPartOf\":{\"@id\":\"https:\\\/\\\/ookii.eu\\\/fr\\\/#website\"},\"primaryImageOfPage\":{\"@id\":\"https:\\\/\\\/ookii.eu\\\/fr\\\/product\\\/paquet-kraft-de-mugicha-ookii-16-litres\\\/#primaryimage\"},\"image\":{\"@id\":\"https:\\\/\\\/ookii.eu\\\/fr\\\/product\\\/paquet-kraft-de-mugicha-ookii-16-litres\\\/#primaryimage\"},\"thumbnailUrl\":\"https:\\\/\\\/ookii.eu\\\/wp-content\\\/uploads\\\/2022\\\/09\\\/16-liter.png\",\"datePublished\":\"2022-09-21T11:20:25+00:00\",\"dateModified\":\"2023-01-16T21:13:25+00:00\",\"description\":\"Pr\u00e9parez votre propre mugicha 100 % biologique. Ce paquet kraft de mugicha OOKII contient des sachets de th\u00e9 de 10 g (1,5 - 2 L\\\/sachet de th\u00e9) pour infuser 16 litres de mugicha.\",\"breadcrumb\":{\"@id\":\"https:\\\/\\\/ookii.eu\\\/fr\\\/product\\\/paquet-kraft-de-mugicha-ookii-16-litres\\\/#breadcrumb\"},\"inLanguage\":\"fr-FR\",\"potentialAction\":[{\"@type\":\"ReadAction\",\"target\":[\"https:\\\/\\\/ookii.eu\\\/fr\\\/product\\\/paquet-kraft-de-mugicha-ookii-16-litres\\\/\"]}]},{\"@type\":\"ImageObject\",\"inLanguage\":\"fr-FR\",\"@id\":\"https:\\\/\\\/ookii.eu\\\/fr\\\/product\\\/paquet-kraft-de-mugicha-ookii-16-litres\\\/#primaryimage\",\"url\":\"https:\\\/\\\/ookii.eu\\\/wp-content\\\/uploads\\\/2022\\\/09\\\/16-liter.png\",\"contentUrl\":\"https:\\\/\\\/ookii.eu\\\/wp-content\\\/uploads\\\/2022\\\/09\\\/16-liter.png\",\"width\":3000,\"height\":3000},{\"@type\":\"BreadcrumbList\",\"@id\":\"https:\\\/\\\/ookii.eu\\\/fr\\\/product\\\/paquet-kraft-de-mugicha-ookii-16-litres\\\/#breadcrumb\",\"itemListElement\":[{\"@type\":\"ListItem\",\"position\":1,\"name\":\"Home\",\"item\":\"https:\\\/\\\/ookii.eu\\\/fr\\\/\"},{\"@type\":\"ListItem\",\"position\":2,\"name\":\"Boutique\",\"item\":\"https:\\\/\\\/ookii.eu\\\/fr\\\/boutique\\\/\"},{\"@type\":\"ListItem\",\"position\":3,\"name\":\"Paquet kraft de mugicha OOKII (16 litres)\"}]},{\"@type\":\"WebSite\",\"@id\":\"https:\\\/\\\/ookii.eu\\\/fr\\\/#website\",\"url\":\"https:\\\/\\\/ookii.eu\\\/fr\\\/\",\"name\":\"OOKII\",\"description\":\"The Japanese Secret\",\"potentialAction\":[{\"@type\":\"SearchAction\",\"target\":{\"@type\":\"EntryPoint\",\"urlTemplate\":\"https:\\\/\\\/ookii.eu\\\/fr\\\/?s={search_term_string}\"},\"query-input\":{\"@type\":\"PropertyValueSpecification\",\"valueRequired\":true,\"valueName\":\"search_term_string\"}}],\"inLanguage\":\"fr-FR\"}]}<\/script>\n<!-- \/ Yoast SEO plugin. -->","yoast_head_json":{"title":"Paquet kraft de mugicha OOKII (16 litres) | OOKII","description":"Pr\u00e9parez votre propre mugicha 100 % biologique. Ce paquet kraft de mugicha OOKII contient des sachets de th\u00e9 de 10 g (1,5 - 2 L\/sachet de th\u00e9) pour infuser 16 litres de mugicha.","robots":{"index":"index","follow":"follow","max-snippet":"max-snippet:-1","max-image-preview":"max-image-preview:large","max-video-preview":"max-video-preview:-1"},"canonical":"https:\/\/ookii.eu\/fr\/product\/paquet-kraft-de-mugicha-ookii-16-litres\/","og_locale":"fr_FR","og_type":"article","og_title":"Paquet kraft de mugicha OOKII (16 litres) | OOKII","og_description":"Pr\u00e9parez votre propre mugicha 100 % biologique. Ce paquet kraft de mugicha OOKII contient des sachets de th\u00e9 de 10 g (1,5 - 2 L\/sachet de th\u00e9) pour infuser 16 litres de mugicha.","og_url":"https:\/\/ookii.eu\/fr\/product\/paquet-kraft-de-mugicha-ookii-16-litres\/","og_site_name":"OOKII","article_publisher":"https:\/\/www.facebook.com\/ookiimugicha","article_modified_time":"2023-01-16T21:13:25+00:00","og_image":[{"width":1024,"height":1024,"url":"https:\/\/ookii.eu\/wp-content\/uploads\/2022\/09\/16-liter-1024x1024.png","type":"image\/png"}],"twitter_card":"summary_large_image","twitter_misc":{"Dur\u00e9e de lecture estim\u00e9e":"1 minute"},"schema":{"@context":"https:\/\/schema.org","@graph":[{"@type":["WebPage","ItemPage"],"@id":"https:\/\/ookii.eu\/fr\/product\/paquet-kraft-de-mugicha-ookii-16-litres\/","url":"https:\/\/ookii.eu\/fr\/product\/paquet-kraft-de-mugicha-ookii-16-litres\/","name":"Paquet kraft de mugicha OOKII (16 litres) | OOKII","isPartOf":{"@id":"https:\/\/ookii.eu\/fr\/#website"},"primaryImageOfPage":{"@id":"https:\/\/ookii.eu\/fr\/product\/paquet-kraft-de-mugicha-ookii-16-litres\/#primaryimage"},"image":{"@id":"https:\/\/ookii.eu\/fr\/product\/paquet-kraft-de-mugicha-ookii-16-litres\/#primaryimage"},"thumbnailUrl":"https:\/\/ookii.eu\/wp-content\/uploads\/2022\/09\/16-liter.png","datePublished":"2022-09-21T11:20:25+00:00","dateModified":"2023-01-16T21:13:25+00:00","description":"Pr\u00e9parez votre propre mugicha 100 % biologique. Ce paquet kraft de mugicha OOKII contient des sachets de th\u00e9 de 10 g (1,5 - 2 L\/sachet de th\u00e9) pour infuser 16 litres de mugicha.","breadcrumb":{"@id":"https:\/\/ookii.eu\/fr\/product\/paquet-kraft-de-mugicha-ookii-16-litres\/#breadcrumb"},"inLanguage":"fr-FR","potentialAction":[{"@type":"ReadAction","target":["https:\/\/ookii.eu\/fr\/product\/paquet-kraft-de-mugicha-ookii-16-litres\/"]}]},{"@type":"ImageObject","inLanguage":"fr-FR","@id":"https:\/\/ookii.eu\/fr\/product\/paquet-kraft-de-mugicha-ookii-16-litres\/#primaryimage","url":"https:\/\/ookii.eu\/wp-content\/uploads\/2022\/09\/16-liter.png","contentUrl":"https:\/\/ookii.eu\/wp-content\/uploads\/2022\/09\/16-liter.png","width":3000,"height":3000},{"@type":"BreadcrumbList","@id":"https:\/\/ookii.eu\/fr\/product\/paquet-kraft-de-mugicha-ookii-16-litres\/#breadcrumb","itemListElement":[{"@type":"ListItem","position":1,"name":"Home","item":"https:\/\/ookii.eu\/fr\/"},{"@type":"ListItem","position":2,"name":"Boutique","item":"https:\/\/ookii.eu\/fr\/boutique\/"},{"@type":"ListItem","position":3,"name":"Paquet kraft de mugicha OOKII (16 litres)"}]},{"@type":"WebSite","@id":"https:\/\/ookii.eu\/fr\/#website","url":"https:\/\/ookii.eu\/fr\/","name":"OOKII","description":"The Japanese Secret","potentialAction":[{"@type":"SearchAction","target":{"@type":"EntryPoint","urlTemplate":"https:\/\/ookii.eu\/fr\/?s={search_term_string}"},"query-input":{"@type":"PropertyValueSpecification","valueRequired":true,"valueName":"search_term_string"}}],"inLanguage":"fr-FR"}]}},"_links":{"self":[{"href":"https:\/\/ookii.eu\/fr\/wp-json\/wp\/v2\/product\/2767","targetHints":{"allow":["GET"]}}],"collection":[{"href":"https:\/\/ookii.eu\/fr\/wp-json\/wp\/v2\/product"}],"about":[{"href":"https:\/\/ookii.eu\/fr\/wp-json\/wp\/v2\/types\/product"}],"replies":[{"embeddable":true,"href":"https:\/\/ookii.eu\/fr\/wp-json\/wp\/v2\/comments?post=2767"}],"wp:featuredmedia":[{"embeddable":true,"href":"https:\/\/ookii.eu\/fr\/wp-json\/wp\/v2\/media\/1204"}],"wp:attachment":[{"href":"https:\/\/ookii.eu\/fr\/wp-json\/wp\/v2\/media?parent=2767"}],"wp:term":[{"taxonomy":"product_brand","embeddable":true,"href":"https:\/\/ookii.eu\/fr\/wp-json\/wp\/v2\/product_brand?post=2767"},{"taxonomy":"product_cat","embeddable":true,"href":"https:\/\/ookii.eu\/fr\/wp-json\/wp\/v2\/product_cat?post=2767"},{"taxonomy":"product_tag","embeddable":true,"href":"https:\/\/ookii.eu\/fr\/wp-json\/wp\/v2\/product_tag?post=2767"}],"curies":[{"name":"wp","href":"https:\/\/api.w.org\/{rel}","templated":true}]}}